{"id":121,"date":"2017-10-03T12:45:12","date_gmt":"2017-10-03T10:45:12","guid":{"rendered":"https:\/\/www.sarl-lelittoral.com\/mentions-legales\/"},"modified":"2017-10-23T20:59:31","modified_gmt":"2017-10-23T18:59:31","slug":"legals","status":"publish","type":"page","link":"http:\/\/www.sarl-lelittoral.com\/en\/legals\/","title":{"rendered":"Legals"},"content":{"rendered":"<h2 style=\"text-align: center;\">SARL Le Littoral<\/h2>\n<p style=\"text-align: center;\">Rue Jean Bouin<br \/>\n50110 Cherbourg-en-Cotentin (Tourlaville)<br \/>\nT\u00e9l : 02 33 44 55 06 \/ fax : 02 3344 32 14<br \/>\n<strong>SIRET\u00a0:<\/strong> 37913068500017 &#8211; <strong>APE\u00a0:<\/strong> 7739Z &#8211; <strong>RCS\u00a0:<\/strong> 379\u00a0130 685<br \/>\nCapital de 8100 \u20ac<\/p>\n<h3 style=\"text-align: center;\">R\u00e9alisation du Site Internet<\/h3>\n<p style=\"text-align: center;\"><a href=\"https:\/\/www.webcom.me\" target=\"_blank\" rel=\"noopener\">WebCom.Me<\/a><\/p>\n<h3 style=\"text-align: center;\">H\u00e9bergement<\/h3>\n<p style=\"text-align: center;\">SAS OVH<br \/>\n2 rue Kellermann &#8211; 59100 ROUBAIX &#8211; FRANCE<br \/>\nT\u00e9l : 0899 701\u00a0761<\/p>\n<h4>Conception<\/h4>\n<p>The pages of this website may present links or make reference to other websites. Sarl Le Littoral offers no guarantee to the content of other websites and refuses any responsibility in case of damage resulting from the use of these sites.<br \/>\nLinks to other websites are only provided as a convenience of the visitor of this website.<\/p>\n<p><strong>Sarl Le Littoral<\/strong> offers no guarantee, explicit or implied, as to the accuracy or completeness of the information contained or referred to therein. All users accept that all access to and use of this site or any site linked to this site, and the content thereof, is at their own risk.<br \/>\nThe connection of any person to this website is done under its own responsibility.<\/p>\n<p>This website waits for approval by the French \u201cCommision Nationale Informatique et Libert\u00e9s\u201d (CNIL). In accordance with the French Law \u201cInformatique et Libert\u00e9\u201d n\u00b078-17 dated January the 6th 1978, you have the right to access, modify, and delete your personal data.<\/p>\n","protected":false},"excerpt":{"rendered":"<p>SARL Le Littoral Rue Jean Bouin 50110 Cherbourg-en-Cotentin (Tourlaville) T\u00e9l : 02 33 44 55 06 \/ fax : 02 3344 32 14 SIRET\u00a0: 37913068500017 &#8211; APE\u00a0: 7739Z &#8211; RCS\u00a0: 379\u00a0130 685 Capital de 8100 \u20ac R\u00e9alisation du Site Internet WebCom.Me H\u00e9bergement SAS OVH 2 rue Kellermann &#8211; 59100 ROUBAIX &#8211; FRANCE T\u00e9l : 0899 701\u00a0761 Conception The pages of this website may present links or make reference to other websites. Sarl Le Littoral offers no guarantee to the content of other websites and refuses any responsibility in case of damage resulting from the use of these sites. Links to <\/p>\n","protected":false},"author":4,"featured_media":0,"parent":0,"menu_order":0,"comment_status":"closed","ping_status":"closed","template":"","meta":{"footnotes":""},"class_list":["post-121","page","type-page","status-publish","hentry"],"yoast_head":"<!-- This site is optimized with the Yoast SEO plugin v27.2 - https:\/\/yoast.com\/product\/yoast-seo-wordpress\/ -->\n<title>Legals - SARL Le Littoral<\/title>\n<meta name=\"robots\" content=\"index, follow, max-snippet:-1, max-image-preview:large, max-video-preview:-1\" \/>\n<link rel=\"canonical\" href=\"http:\/\/www.sarl-lelittoral.com\/en\/legals\/\" \/>\n<meta property=\"og:locale\" content=\"en_US\" \/>\n<meta property=\"og:type\" content=\"article\" \/>\n<meta property=\"og:title\" content=\"Legals - SARL Le Littoral\" \/>\n<meta property=\"og:description\" content=\"SARL Le Littoral Rue Jean Bouin 50110 Cherbourg-en-Cotentin (Tourlaville) T\u00e9l : 02 33 44 55 06 \/ fax : 02 3344 32 14 SIRET\u00a0: 37913068500017 &#8211; APE\u00a0: 7739Z &#8211; RCS\u00a0: 379\u00a0130 685 Capital de 8100 \u20ac R\u00e9alisation du Site Internet WebCom.Me H\u00e9bergement SAS OVH 2 rue Kellermann &#8211; 59100 ROUBAIX &#8211; FRANCE T\u00e9l : 0899 701\u00a0761 Conception The pages of this website may present links or make reference to other websites. Sarl Le Littoral offers no guarantee to the content of other websites and refuses any responsibility in case of damage resulting from the use of these sites. Links to\" \/>\n<meta property=\"og:url\" content=\"http:\/\/www.sarl-lelittoral.com\/en\/legals\/\" \/>\n<meta property=\"og:site_name\" content=\"SARL Le Littoral\" \/>\n<meta property=\"article:modified_time\" content=\"2017-10-23T18:59:31+00:00\" \/>\n<meta name=\"twitter:card\" content=\"summary_large_image\" \/>\n<meta name=\"twitter:label1\" content=\"Est. reading time\" \/>\n\t<meta name=\"twitter:data1\" content=\"1 minute\" \/>\n<script type=\"application\/ld+json\" class=\"yoast-schema-graph\">{\"@context\":\"https:\/\/schema.org\",\"@graph\":[{\"@type\":\"WebPage\",\"@id\":\"http:\/\/www.sarl-lelittoral.com\/en\/legals\/\",\"url\":\"http:\/\/www.sarl-lelittoral.com\/en\/legals\/\",\"name\":\"Legals - SARL Le Littoral\",\"isPartOf\":{\"@id\":\"https:\/\/www.sarl-lelittoral.com\/#website\"},\"datePublished\":\"2017-10-03T10:45:12+00:00\",\"dateModified\":\"2017-10-23T18:59:31+00:00\",\"breadcrumb\":{\"@id\":\"http:\/\/www.sarl-lelittoral.com\/en\/legals\/#breadcrumb\"},\"inLanguage\":\"en-US\",\"potentialAction\":[{\"@type\":\"ReadAction\",\"target\":[\"http:\/\/www.sarl-lelittoral.com\/en\/legals\/\"]}]},{\"@type\":\"BreadcrumbList\",\"@id\":\"http:\/\/www.sarl-lelittoral.com\/en\/legals\/#breadcrumb\",\"itemListElement\":[{\"@type\":\"ListItem\",\"position\":1,\"name\":\"Accueil\",\"item\":\"http:\/\/www.sarl-lelittoral.com\/en\/\"},{\"@type\":\"ListItem\",\"position\":2,\"name\":\"Legals\"}]},{\"@type\":\"WebSite\",\"@id\":\"https:\/\/www.sarl-lelittoral.com\/#website\",\"url\":\"https:\/\/www.sarl-lelittoral.com\/\",\"name\":\"SARL Le Littoral\",\"description\":\"Bas\u00e9e dans la Manche en Normandie\",\"potentialAction\":[{\"@type\":\"SearchAction\",\"target\":{\"@type\":\"EntryPoint\",\"urlTemplate\":\"https:\/\/www.sarl-lelittoral.com\/?s={search_term_string}\"},\"query-input\":{\"@type\":\"PropertyValueSpecification\",\"valueRequired\":true,\"valueName\":\"search_term_string\"}}],\"inLanguage\":\"en-US\"}]}<\/script>\n<!-- \/ Yoast SEO plugin. -->","yoast_head_json":{"title":"Legals - SARL Le Littoral","robots":{"index":"index","follow":"follow","max-snippet":"max-snippet:-1","max-image-preview":"max-image-preview:large","max-video-preview":"max-video-preview:-1"},"canonical":"http:\/\/www.sarl-lelittoral.com\/en\/legals\/","og_locale":"en_US","og_type":"article","og_title":"Legals - SARL Le Littoral","og_description":"SARL Le Littoral Rue Jean Bouin 50110 Cherbourg-en-Cotentin (Tourlaville) T\u00e9l : 02 33 44 55 06 \/ fax : 02 3344 32 14 SIRET\u00a0: 37913068500017 &#8211; APE\u00a0: 7739Z &#8211; RCS\u00a0: 379\u00a0130 685 Capital de 8100 \u20ac R\u00e9alisation du Site Internet WebCom.Me H\u00e9bergement SAS OVH 2 rue Kellermann &#8211; 59100 ROUBAIX &#8211; FRANCE T\u00e9l : 0899 701\u00a0761 Conception The pages of this website may present links or make reference to other websites. Sarl Le Littoral offers no guarantee to the content of other websites and refuses any responsibility in case of damage resulting from the use of these sites. Links to","og_url":"http:\/\/www.sarl-lelittoral.com\/en\/legals\/","og_site_name":"SARL Le Littoral","article_modified_time":"2017-10-23T18:59:31+00:00","twitter_card":"summary_large_image","twitter_misc":{"Est. reading time":"1 minute"},"schema":{"@context":"https:\/\/schema.org","@graph":[{"@type":"WebPage","@id":"http:\/\/www.sarl-lelittoral.com\/en\/legals\/","url":"http:\/\/www.sarl-lelittoral.com\/en\/legals\/","name":"Legals - SARL Le Littoral","isPartOf":{"@id":"https:\/\/www.sarl-lelittoral.com\/#website"},"datePublished":"2017-10-03T10:45:12+00:00","dateModified":"2017-10-23T18:59:31+00:00","breadcrumb":{"@id":"http:\/\/www.sarl-lelittoral.com\/en\/legals\/#breadcrumb"},"inLanguage":"en-US","potentialAction":[{"@type":"ReadAction","target":["http:\/\/www.sarl-lelittoral.com\/en\/legals\/"]}]},{"@type":"BreadcrumbList","@id":"http:\/\/www.sarl-lelittoral.com\/en\/legals\/#breadcrumb","itemListElement":[{"@type":"ListItem","position":1,"name":"Accueil","item":"http:\/\/www.sarl-lelittoral.com\/en\/"},{"@type":"ListItem","position":2,"name":"Legals"}]},{"@type":"WebSite","@id":"https:\/\/www.sarl-lelittoral.com\/#website","url":"https:\/\/www.sarl-lelittoral.com\/","name":"SARL Le Littoral","description":"Bas\u00e9e dans la Manche en Normandie","potentialAction":[{"@type":"SearchAction","target":{"@type":"EntryPoint","urlTemplate":"https:\/\/www.sarl-lelittoral.com\/?s={search_term_string}"},"query-input":{"@type":"PropertyValueSpecification","valueRequired":true,"valueName":"search_term_string"}}],"inLanguage":"en-US"}]}},"_links":{"self":[{"href":"http:\/\/www.sarl-lelittoral.com\/en\/wp-json\/wp\/v2\/pages\/121\/"}],"collection":[{"href":"http:\/\/www.sarl-lelittoral.com\/en\/wp-json\/wp\/v2\/pages\/"}],"about":[{"href":"http:\/\/www.sarl-lelittoral.com\/en\/wp-json\/wp\/v2\/types\/page\/"}],"author":[{"embeddable":true,"href":"http:\/\/www.sarl-lelittoral.com\/en\/wp-json\/wp\/v2\/users\/4\/"}],"replies":[{"embeddable":true,"href":"http:\/\/www.sarl-lelittoral.com\/en\/wp-json\/wp\/v2\/comments\/?post=121"}],"version-history":[{"count":0,"href":"http:\/\/www.sarl-lelittoral.com\/en\/wp-json\/wp\/v2\/pages\/121\/revisions\/"}],"wp:attachment":[{"href":"http:\/\/www.sarl-lelittoral.com\/en\/wp-json\/wp\/v2\/media\/?parent=121"}],"curies":[{"name":"wp","href":"https:\/\/api.w.org\/{rel}","templated":true}]}}